{"id":634,"date":"2016-03-07T14:14:23","date_gmt":"2016-03-07T13:14:23","guid":{"rendered":"http:\/\/www.hotel-zentrum.de\/reservierung\/"},"modified":"2017-08-17T11:32:28","modified_gmt":"2017-08-17T09:32:28","slug":"booking","status":"publish","type":"page","link":"https:\/\/www.hotel-zentrum.de\/en\/booking\/","title":{"rendered":"Book now"},"content":{"rendered":"<p>[vc_row css=&#8221;.vc_custom_1489403819108{background-image: url(http:\/\/www.hotel-zentrum.de\/wp-content\/uploads\/2016\/03\/book_filter_2.jpg?id=537) !important;background-position: center !important;background-repeat: no-repeat !important;background-size: cover !important;}&#8221;][vc_column][vc_empty_space height=&#8221;330px&#8221;][\/vc_column][\/vc_row][vc_row content_placement=&#8221;middle&#8221;][vc_column width=&#8221;1\/6&#8243;][\/vc_column][vc_column width=&#8221;2\/3&#8243;][vc_column_text]<\/p>\n<p style=\"text-align: left;\">Auf dieser Seite k\u00f6nnen Sie sofort und direkt unsere aktuellen Preise anfragen und buchen. Bitte geben Sie Ihre gew\u00fcnschten An- und Abreisedaten im Buchungsformular ein.<\/p>\n<p style=\"text-align: left;\">Wir ben\u00f6tigen auch die Information mit wie vielen Personen Sie reisen und in welcher Zimmerkategorie Sie \u00fcbernachten wollen.<\/p>\n<p style=\"text-align: left;\"><strong>Ihre Daten \u00fcbermitteln Sie \u00fcber die hellblaue Schaltfl\u00e4che direkt unter dem Buchungsformular (&#8220;Freie Zimmer suchen&#8221;).<\/strong><\/p>\n<p style=\"text-align: left;\">Wir bearbeiten Ihre Anfrage in Echtzeit und zeigen Ihnen in nur wenigen Sekunden unsere verf\u00fcgbaren Zimmer und Preise an.<\/p>\n<p>[\/vc_column_text][\/vc_column][vc_column width=&#8221;1\/6&#8243;][\/vc_column][\/vc_row][vc_row][vc_column][vc_empty_space height=&#8221;38px&#8221;][\/vc_column][\/vc_row][vc_row content_placement=&#8221;middle&#8221;][vc_column width=&#8221;1\/6&#8243; css=&#8221;.vc_custom_1488558062257{border-radius: 20px !important;}&#8221;][\/vc_column][vc_column width=&#8221;2\/3&#8243;][vc_raw_html css=&#8221;.vc_custom_1488562948104{border-radius: 10px !important;}&#8221;]JTNDYWxpZ24lM0RjZW50ZXIlM0UlM0NzY3JpcHQlMjBzcmMlM0QlMjdodHRwJTNBJTJGJTJGd2lkZ2V0cy5kaXJzMjEuZGUlMkZRdWlja0Jvb2slMkZEZWZhdWx0LmFzcHglM0Zwcm9wZXJ0eV9pZCUzRDc3Nzk2JTI2bW9kZSUzRGliZSUyNmhlaWdodCUzRDM1MHB4JTI2d2lkdGglM0QxMDAlMjUlMjZzcHJhY2hlJTNEZGUlMjclMjB0eXBlJTNEJTI3dGV4dCUyRmphdmFzY3JpcHQlMjclM0UlM0MlMkZzY3JpcHQlM0UlM0MlMkZhbGlnbiUzRGNlbnRlciUzRQ==[\/vc_raw_html][\/vc_column][vc_column width=&#8221;1\/6&#8243;][\/vc_column][\/vc_row][vc_row][vc_column][vc_column_text][\/vc_column_text][\/vc_column][\/vc_row]<\/p>\n","protected":false},"excerpt":{"rendered":"<p>[vc_row css=&#8221;.vc_custom_1489403819108{background-image: url(http:\/\/www.hotel-zentrum.de\/wp-content\/uploads\/2016\/03\/book_filter_2.jpg?id=537) !important;background-position: center !important;background-repeat: no-repeat !important;background-size: cover !important;}&#8221;][vc_column][vc_empty_space height=&#8221;330px&#8221;][\/vc_column][\/vc_row][vc_row content_placement=&#8221;middle&#8221;][vc_column width=&#8221;1\/6&#8243;][\/vc_column][vc_column width=&#8221;2\/3&#8243;][vc_column_text] Auf dieser Seite k\u00f6nnen Sie sofort und direkt unsere aktuellen Preise anfragen und buchen. Bitte geben Sie Ihre gew\u00fcnschten An- und Abreisedaten im Buchungsformular ein. Wir ben\u00f6tigen auch die Information mit wie vielen Personen Sie reisen und in welcher Zimmerkategorie Sie [&hellip;]<\/p>\n","protected":false},"author":1,"featured_media":0,"parent":0,"menu_order":0,"comment_status":"closed","ping_status":"closed","template":"","meta":[],"_links":{"self":[{"href":"https:\/\/www.hotel-zentrum.de\/en\/wp-json\/wp\/v2\/pages\/634"}],"collection":[{"href":"https:\/\/www.hotel-zentrum.de\/en\/wp-json\/wp\/v2\/pages"}],"about":[{"href":"https:\/\/www.hotel-zentrum.de\/en\/wp-json\/wp\/v2\/types\/page"}],"author":[{"embeddable":true,"href":"https:\/\/www.hotel-zentrum.de\/en\/wp-json\/wp\/v2\/users\/1"}],"replies":[{"embeddable":true,"href":"https:\/\/www.hotel-zentrum.de\/en\/wp-json\/wp\/v2\/comments?post=634"}],"version-history":[{"count":1,"href":"https:\/\/www.hotel-zentrum.de\/en\/wp-json\/wp\/v2\/pages\/634\/revisions"}],"predecessor-version":[{"id":635,"href":"https:\/\/www.hotel-zentrum.de\/en\/wp-json\/wp\/v2\/pages\/634\/revisions\/635"}],"wp:attachment":[{"href":"https:\/\/www.hotel-zentrum.de\/en\/wp-json\/wp\/v2\/media?parent=634"}],"curies":[{"name":"wp","href":"https:\/\/api.w.org\/{rel}","templated":true}]}}